

{"id":323,"date":"2019-06-05T13:39:31","date_gmt":"2019-06-05T11:39:31","guid":{"rendered":"https:\/\/elegant.deceuninck.com\/home\/"},"modified":"2022-04-25T09:14:26","modified_gmt":"2022-04-25T07:14:26","slug":"professionals","status":"publish","type":"page","link":"https:\/\/elegant.deceuninck.com\/sl\/professionals\/","title":{"rendered":"Professionals"},"content":{"rendered":"","protected":false},"excerpt":{"rendered":"","protected":false},"author":3,"featured_media":0,"parent":0,"menu_order":0,"comment_status":"closed","ping_status":"closed","template":"pages\/page-architects.php","meta":{"footnotes":""},"class_list":["post-323","page","type-page","status-publish","hentry"],"yoast_head":"<!-- This site is optimized with the Yoast SEO plugin v22.3 - https:\/\/yoast.com\/wordpress\/plugins\/seo\/ -->\n<title>Sistem profilov za okna in vrata Elegant | Deceuninck<\/title>\n<meta name=\"description\" content=\"Profili Elegant temeljijo na potrebah in \u017eeljah na\u0161ih kupcev ter odpirajo nove mo\u017enosti za arhitekte in izdelovalce oken.\" \/>\n<meta name=\"robots\" content=\"index, follow, max-snippet:-1, max-image-preview:large, max-video-preview:-1\" \/>\n<link rel=\"canonical\" href=\"https:\/\/elegant.deceuninck.com\/sl\/professionals\/\" \/>\n<meta property=\"og:locale\" content=\"sl_SI\" \/>\n<meta property=\"og:type\" content=\"article\" \/>\n<meta property=\"og:title\" content=\"Sistem profilov za okna in vrata Elegant | Deceuninck\" \/>\n<meta property=\"og:description\" content=\"Profili Elegant temeljijo na potrebah in \u017eeljah na\u0161ih kupcev ter odpirajo nove mo\u017enosti za arhitekte in izdelovalce oken.\" \/>\n<meta property=\"og:url\" content=\"https:\/\/elegant.deceuninck.com\/sl\/professionals\/\" \/>\n<meta property=\"og:site_name\" content=\"Deceuninck\" \/>\n<meta property=\"article:modified_time\" content=\"2022-04-25T07:14:26+00:00\" \/>\n<meta name=\"twitter:card\" content=\"summary_large_image\" \/>\n<!-- \/ Yoast SEO plugin. -->","yoast_head_json":{"title":"Sistem profilov za okna in vrata Elegant | Deceuninck","description":"Profili Elegant temeljijo na potrebah in \u017eeljah na\u0161ih kupcev ter odpirajo nove mo\u017enosti za arhitekte in izdelovalce oken.","robots":{"index":"index","follow":"follow","max-snippet":"max-snippet:-1","max-image-preview":"max-image-preview:large","max-video-preview":"max-video-preview:-1"},"canonical":"https:\/\/elegant.deceuninck.com\/sl\/professionals\/","og_locale":"sl_SI","og_type":"article","og_title":"Sistem profilov za okna in vrata Elegant | Deceuninck","og_description":"Profili Elegant temeljijo na potrebah in \u017eeljah na\u0161ih kupcev ter odpirajo nove mo\u017enosti za arhitekte in izdelovalce oken.","og_url":"https:\/\/elegant.deceuninck.com\/sl\/professionals\/","og_site_name":"Deceuninck","article_modified_time":"2022-04-25T07:14:26+00:00","twitter_card":"summary_large_image","schema":{"@context":"https:\/\/schema.org","@graph":[{"@type":"WebPage","@id":"https:\/\/elegant.deceuninck.com\/sl\/professionals\/","url":"https:\/\/elegant.deceuninck.com\/sl\/professionals\/","name":"Sistem profilov za okna in vrata Elegant | Deceuninck","isPartOf":{"@id":"https:\/\/elegant.deceuninck.com\/#website"},"datePublished":"2019-06-05T11:39:31+00:00","dateModified":"2022-04-25T07:14:26+00:00","description":"Profili Elegant temeljijo na potrebah in \u017eeljah na\u0161ih kupcev ter odpirajo nove mo\u017enosti za arhitekte in izdelovalce oken.","breadcrumb":{"@id":"https:\/\/elegant.deceuninck.com\/sl\/professionals\/#breadcrumb"},"inLanguage":"sl-SI","potentialAction":[{"@type":"ReadAction","target":["https:\/\/elegant.deceuninck.com\/sl\/professionals\/"]}]},{"@type":"BreadcrumbList","@id":"https:\/\/elegant.deceuninck.com\/sl\/professionals\/#breadcrumb","itemListElement":[{"@type":"ListItem","position":1,"name":"Dom\u016f","item":"https:\/\/elegant.deceuninck.com\/sl\/"},{"@type":"ListItem","position":2,"name":"Professionals"}]},{"@type":"WebSite","@id":"https:\/\/elegant.deceuninck.com\/#website","url":"https:\/\/elegant.deceuninck.com\/","name":"Deceuninck","description":"","potentialAction":[{"@type":"SearchAction","target":{"@type":"EntryPoint","urlTemplate":"https:\/\/elegant.deceuninck.com\/?s={search_term_string}"},"query-input":"required name=search_term_string"}],"inLanguage":"sl-SI"}]}},"_links":{"self":[{"href":"https:\/\/elegant.deceuninck.com\/sl\/wp-json\/wp\/v2\/pages\/323","targetHints":{"allow":["GET"]}}],"collection":[{"href":"https:\/\/elegant.deceuninck.com\/sl\/wp-json\/wp\/v2\/pages"}],"about":[{"href":"https:\/\/elegant.deceuninck.com\/sl\/wp-json\/wp\/v2\/types\/page"}],"author":[{"embeddable":true,"href":"https:\/\/elegant.deceuninck.com\/sl\/wp-json\/wp\/v2\/users\/3"}],"replies":[{"embeddable":true,"href":"https:\/\/elegant.deceuninck.com\/sl\/wp-json\/wp\/v2\/comments?post=323"}],"version-history":[{"count":3,"href":"https:\/\/elegant.deceuninck.com\/sl\/wp-json\/wp\/v2\/pages\/323\/revisions"}],"predecessor-version":[{"id":3278,"href":"https:\/\/elegant.deceuninck.com\/sl\/wp-json\/wp\/v2\/pages\/323\/revisions\/3278"}],"wp:attachment":[{"href":"https:\/\/elegant.deceuninck.com\/sl\/wp-json\/wp\/v2\/media?parent=323"}],"curies":[{"name":"wp","href":"https:\/\/api.w.org\/{rel}","templated":true}]}}