

{"id":2653,"date":"2020-10-08T14:17:21","date_gmt":"2020-10-08T12:17:21","guid":{"rendered":"https:\/\/elegant.deceuninck.com\/?page_id=2653"},"modified":"2022-01-07T08:45:07","modified_gmt":"2022-01-07T07:45:07","slug":"home-2","status":"publish","type":"page","link":"https:\/\/elegant.deceuninck.com\/sk\/","title":{"rendered":"Home"},"content":{"rendered":"","protected":false},"excerpt":{"rendered":"","protected":false},"author":3,"featured_media":0,"parent":0,"menu_order":0,"comment_status":"closed","ping_status":"closed","template":"","meta":{"footnotes":""},"class_list":["post-2653","page","type-page","status-publish","hentry"],"yoast_head":"<!-- This site is optimized with the Yoast SEO plugin v22.3 - https:\/\/yoast.com\/wordpress\/plugins\/seo\/ -->\n<title>Elegant - absol\u00fatne rie\u0161enie pre okn\u00e1 a dvere | Deceuninck<\/title>\n<meta name=\"description\" content=\"Deceuninck zav\u00e1dza profilov\u00e9ho syst\u00e9mu Elegant. PVC profily nikdy neboli tak \u0161t\u00edhle a modern\u00e9 | PVC profil, ktor\u00fd zbiera ceny za dizajn\" \/>\n<meta name=\"robots\" content=\"index, follow, max-snippet:-1, max-image-preview:large, max-video-preview:-1\" \/>\n<link rel=\"canonical\" href=\"https:\/\/elegant.deceuninck.com\/sk\/\" \/>\n<meta property=\"og:locale\" content=\"sk_SK\" \/>\n<meta property=\"og:type\" content=\"article\" \/>\n<meta property=\"og:title\" content=\"Elegant by Deceuninck - The ultimate window concept\" \/>\n<meta property=\"og:description\" content=\"Discover Elegant, our brand new windows and doors series! Never before have PVC profiles been so modern and minimalist.\" \/>\n<meta property=\"og:url\" content=\"https:\/\/elegant.deceuninck.com\/sk\/\" \/>\n<meta property=\"og:site_name\" content=\"Deceuninck\" \/>\n<meta property=\"article:modified_time\" content=\"2022-01-07T07:45:07+00:00\" \/>\n<meta name=\"twitter:card\" content=\"summary_large_image\" \/>\n<meta name=\"twitter:title\" content=\"Elegant by Deceuninck - The ultimate window concept\" \/>\n<meta name=\"twitter:description\" content=\"Discover Elegant, our brand new windows and doors series! Never before have PVC profiles been so modern and minimalist.\" \/>\n<!-- \/ Yoast SEO plugin. -->","yoast_head_json":{"title":"Elegant - absol\u00fatne rie\u0161enie pre okn\u00e1 a dvere | Deceuninck","description":"Deceuninck zav\u00e1dza profilov\u00e9ho syst\u00e9mu Elegant. PVC profily nikdy neboli tak \u0161t\u00edhle a modern\u00e9 | PVC profil, ktor\u00fd zbiera ceny za dizajn","robots":{"index":"index","follow":"follow","max-snippet":"max-snippet:-1","max-image-preview":"max-image-preview:large","max-video-preview":"max-video-preview:-1"},"canonical":"https:\/\/elegant.deceuninck.com\/sk\/","og_locale":"sk_SK","og_type":"article","og_title":"Elegant by Deceuninck - The ultimate window concept","og_description":"Discover Elegant, our brand new windows and doors series! Never before have PVC profiles been so modern and minimalist.","og_url":"https:\/\/elegant.deceuninck.com\/sk\/","og_site_name":"Deceuninck","article_modified_time":"2022-01-07T07:45:07+00:00","twitter_card":"summary_large_image","twitter_title":"Elegant by Deceuninck - The ultimate window concept","twitter_description":"Discover Elegant, our brand new windows and doors series! Never before have PVC profiles been so modern and minimalist.","schema":{"@context":"https:\/\/schema.org","@graph":[{"@type":"WebPage","@id":"https:\/\/elegant.deceuninck.com\/sk\/","url":"https:\/\/elegant.deceuninck.com\/sk\/","name":"Elegant - absol\u00fatne rie\u0161enie pre okn\u00e1 a dvere | Deceuninck","isPartOf":{"@id":"https:\/\/elegant.deceuninck.com\/#website"},"datePublished":"2020-10-08T12:17:21+00:00","dateModified":"2022-01-07T07:45:07+00:00","description":"Deceuninck zav\u00e1dza profilov\u00e9ho syst\u00e9mu Elegant. PVC profily nikdy neboli tak \u0161t\u00edhle a modern\u00e9 | PVC profil, ktor\u00fd zbiera ceny za dizajn","breadcrumb":{"@id":"https:\/\/elegant.deceuninck.com\/sk\/#breadcrumb"},"inLanguage":"sk-SK","potentialAction":[{"@type":"ReadAction","target":["https:\/\/elegant.deceuninck.com\/sk\/"]}]},{"@type":"BreadcrumbList","@id":"https:\/\/elegant.deceuninck.com\/sk\/#breadcrumb","itemListElement":[{"@type":"ListItem","position":1,"name":"Dom\u016f","item":"https:\/\/elegant.deceuninck.com\/sk\/"},{"@type":"ListItem","position":2,"name":"Home"}]},{"@type":"WebSite","@id":"https:\/\/elegant.deceuninck.com\/#website","url":"https:\/\/elegant.deceuninck.com\/","name":"Deceuninck","description":"","potentialAction":[{"@type":"SearchAction","target":{"@type":"EntryPoint","urlTemplate":"https:\/\/elegant.deceuninck.com\/?s={search_term_string}"},"query-input":"required name=search_term_string"}],"inLanguage":"sk-SK"}]}},"_links":{"self":[{"href":"https:\/\/elegant.deceuninck.com\/sk\/wp-json\/wp\/v2\/pages\/2653","targetHints":{"allow":["GET"]}}],"collection":[{"href":"https:\/\/elegant.deceuninck.com\/sk\/wp-json\/wp\/v2\/pages"}],"about":[{"href":"https:\/\/elegant.deceuninck.com\/sk\/wp-json\/wp\/v2\/types\/page"}],"author":[{"embeddable":true,"href":"https:\/\/elegant.deceuninck.com\/sk\/wp-json\/wp\/v2\/users\/3"}],"replies":[{"embeddable":true,"href":"https:\/\/elegant.deceuninck.com\/sk\/wp-json\/wp\/v2\/comments?post=2653"}],"version-history":[{"count":1,"href":"https:\/\/elegant.deceuninck.com\/sk\/wp-json\/wp\/v2\/pages\/2653\/revisions"}],"predecessor-version":[{"id":2654,"href":"https:\/\/elegant.deceuninck.com\/sk\/wp-json\/wp\/v2\/pages\/2653\/revisions\/2654"}],"wp:attachment":[{"href":"https:\/\/elegant.deceuninck.com\/sk\/wp-json\/wp\/v2\/media?parent=2653"}],"curies":[{"name":"wp","href":"https:\/\/api.w.org\/{rel}","templated":true}]}}