

{"id":155,"date":"2019-06-05T13:39:31","date_gmt":"2019-06-05T11:39:31","guid":{"rendered":"https:\/\/elegant.deceuninck.com\/home\/"},"modified":"2022-06-21T13:27:21","modified_gmt":"2022-06-21T11:27:21","slug":"professionals","status":"publish","type":"page","link":"https:\/\/elegant.deceuninck.com\/sk\/professionals\/","title":{"rendered":"Professionals"},"content":{"rendered":"","protected":false},"excerpt":{"rendered":"","protected":false},"author":10,"featured_media":0,"parent":0,"menu_order":0,"comment_status":"closed","ping_status":"closed","template":"pages\/page-architects.php","meta":{"footnotes":""},"class_list":["post-155","page","type-page","status-publish","hentry"],"yoast_head":"<!-- This site is optimized with the Yoast SEO plugin v22.3 - https:\/\/yoast.com\/wordpress\/plugins\/seo\/ -->\n<title>Okenn\u00fd a dvern\u00fd PVC profilov\u00fd system Elegant | Deceuninck<\/title>\n<meta name=\"description\" content=\"PVC profil, ktor\u00fd zbiera ceny za dizajn: Spoznajte profily, ktor\u00e9 pon\u00fakaj\u00fa alternat\u00edvu k hlin\u00edku s vlastnos\u0165ami PVC.\" \/>\n<meta name=\"robots\" content=\"index, follow, max-snippet:-1, max-image-preview:large, max-video-preview:-1\" \/>\n<link rel=\"canonical\" href=\"https:\/\/elegant.deceuninck.com\/sk\/professionals\/\" \/>\n<meta property=\"og:locale\" content=\"sk_SK\" \/>\n<meta property=\"og:type\" content=\"article\" \/>\n<meta property=\"og:title\" content=\"Okenn\u00fd a dvern\u00fd PVC profilov\u00fd system Elegant | Deceuninck\" \/>\n<meta property=\"og:description\" content=\"PVC profil, ktor\u00fd zbiera ceny za dizajn: Spoznajte profily, ktor\u00e9 pon\u00fakaj\u00fa alternat\u00edvu k hlin\u00edku s vlastnos\u0165ami PVC.\" \/>\n<meta property=\"og:url\" content=\"https:\/\/elegant.deceuninck.com\/sk\/professionals\/\" \/>\n<meta property=\"og:site_name\" content=\"Deceuninck\" \/>\n<meta property=\"article:modified_time\" content=\"2022-06-21T11:27:21+00:00\" \/>\n<meta name=\"twitter:card\" content=\"summary_large_image\" \/>\n<!-- \/ Yoast SEO plugin. -->","yoast_head_json":{"title":"Okenn\u00fd a dvern\u00fd PVC profilov\u00fd system Elegant | Deceuninck","description":"PVC profil, ktor\u00fd zbiera ceny za dizajn: Spoznajte profily, ktor\u00e9 pon\u00fakaj\u00fa alternat\u00edvu k hlin\u00edku s vlastnos\u0165ami PVC.","robots":{"index":"index","follow":"follow","max-snippet":"max-snippet:-1","max-image-preview":"max-image-preview:large","max-video-preview":"max-video-preview:-1"},"canonical":"https:\/\/elegant.deceuninck.com\/sk\/professionals\/","og_locale":"sk_SK","og_type":"article","og_title":"Okenn\u00fd a dvern\u00fd PVC profilov\u00fd system Elegant | Deceuninck","og_description":"PVC profil, ktor\u00fd zbiera ceny za dizajn: Spoznajte profily, ktor\u00e9 pon\u00fakaj\u00fa alternat\u00edvu k hlin\u00edku s vlastnos\u0165ami PVC.","og_url":"https:\/\/elegant.deceuninck.com\/sk\/professionals\/","og_site_name":"Deceuninck","article_modified_time":"2022-06-21T11:27:21+00:00","twitter_card":"summary_large_image","schema":{"@context":"https:\/\/schema.org","@graph":[{"@type":"WebPage","@id":"https:\/\/elegant.deceuninck.com\/sk\/professionals\/","url":"https:\/\/elegant.deceuninck.com\/sk\/professionals\/","name":"Okenn\u00fd a dvern\u00fd PVC profilov\u00fd system Elegant | Deceuninck","isPartOf":{"@id":"https:\/\/elegant.deceuninck.com\/#website"},"datePublished":"2019-06-05T11:39:31+00:00","dateModified":"2022-06-21T11:27:21+00:00","description":"PVC profil, ktor\u00fd zbiera ceny za dizajn: Spoznajte profily, ktor\u00e9 pon\u00fakaj\u00fa alternat\u00edvu k hlin\u00edku s vlastnos\u0165ami PVC.","breadcrumb":{"@id":"https:\/\/elegant.deceuninck.com\/sk\/professionals\/#breadcrumb"},"inLanguage":"sk-SK","potentialAction":[{"@type":"ReadAction","target":["https:\/\/elegant.deceuninck.com\/sk\/professionals\/"]}]},{"@type":"BreadcrumbList","@id":"https:\/\/elegant.deceuninck.com\/sk\/professionals\/#breadcrumb","itemListElement":[{"@type":"ListItem","position":1,"name":"Dom\u016f","item":"https:\/\/elegant.deceuninck.com\/sk\/"},{"@type":"ListItem","position":2,"name":"Professionals"}]},{"@type":"WebSite","@id":"https:\/\/elegant.deceuninck.com\/#website","url":"https:\/\/elegant.deceuninck.com\/","name":"Deceuninck","description":"","potentialAction":[{"@type":"SearchAction","target":{"@type":"EntryPoint","urlTemplate":"https:\/\/elegant.deceuninck.com\/?s={search_term_string}"},"query-input":"required name=search_term_string"}],"inLanguage":"sk-SK"}]}},"_links":{"self":[{"href":"https:\/\/elegant.deceuninck.com\/sk\/wp-json\/wp\/v2\/pages\/155","targetHints":{"allow":["GET"]}}],"collection":[{"href":"https:\/\/elegant.deceuninck.com\/sk\/wp-json\/wp\/v2\/pages"}],"about":[{"href":"https:\/\/elegant.deceuninck.com\/sk\/wp-json\/wp\/v2\/types\/page"}],"author":[{"embeddable":true,"href":"https:\/\/elegant.deceuninck.com\/sk\/wp-json\/wp\/v2\/users\/10"}],"replies":[{"embeddable":true,"href":"https:\/\/elegant.deceuninck.com\/sk\/wp-json\/wp\/v2\/comments?post=155"}],"version-history":[{"count":3,"href":"https:\/\/elegant.deceuninck.com\/sk\/wp-json\/wp\/v2\/pages\/155\/revisions"}],"predecessor-version":[{"id":3284,"href":"https:\/\/elegant.deceuninck.com\/sk\/wp-json\/wp\/v2\/pages\/155\/revisions\/3284"}],"wp:attachment":[{"href":"https:\/\/elegant.deceuninck.com\/sk\/wp-json\/wp\/v2\/media?parent=155"}],"curies":[{"name":"wp","href":"https:\/\/api.w.org\/{rel}","templated":true}]}}