

{"id":2257,"date":"2020-10-07T17:40:49","date_gmt":"2020-10-07T15:40:49","guid":{"rendered":"https:\/\/elegant.deceuninck.com\/?page_id=2257"},"modified":"2022-06-08T16:14:18","modified_gmt":"2022-06-08T14:14:18","slug":"home","status":"publish","type":"page","link":"https:\/\/elegant.deceuninck.com\/ro\/","title":{"rendered":"Home"},"content":{"rendered":"","protected":false},"excerpt":{"rendered":"","protected":false},"author":4,"featured_media":0,"parent":0,"menu_order":0,"comment_status":"closed","ping_status":"closed","template":"","meta":{"footnotes":""},"class_list":["post-2257","page","type-page","status-publish","hentry"],"yoast_head":"<!-- This site is optimized with the Yoast SEO plugin v22.3 - https:\/\/yoast.com\/wordpress\/plugins\/seo\/ -->\n<title>Elegant - Concept de ferestre f\u0103r\u0103 egal | Deceuninck<\/title>\n<meta name=\"description\" content=\"Profilul din PVC cu design premiat | Niciodat\u0103 profilele din PVC nu au fost at\u00e2t de moderne \u0219i minimaliste. | Ferestre \u0219i u\u0219i\" \/>\n<meta name=\"robots\" content=\"index, follow, max-snippet:-1, max-image-preview:large, max-video-preview:-1\" \/>\n<link rel=\"canonical\" href=\"https:\/\/elegant.deceuninck.com\/ro\/\" \/>\n<meta property=\"og:locale\" content=\"ro_RO\" \/>\n<meta property=\"og:type\" content=\"article\" \/>\n<meta property=\"og:title\" content=\"Elegant by Deceuninck - The ultimate window concept\" \/>\n<meta property=\"og:description\" content=\"Discover Elegant, our brand new windows and doors series! Never before have PVC profiles been so modern and minimalist.\" \/>\n<meta property=\"og:url\" content=\"https:\/\/elegant.deceuninck.com\/ro\/\" \/>\n<meta property=\"og:site_name\" content=\"Deceuninck\" \/>\n<meta property=\"article:modified_time\" content=\"2022-06-08T14:14:18+00:00\" \/>\n<meta name=\"twitter:card\" content=\"summary_large_image\" \/>\n<meta name=\"twitter:title\" content=\"Elegant by Deceuninck - The ultimate window concept\" \/>\n<meta name=\"twitter:description\" content=\"Discover Elegant, our brand new windows and doors series! Never before have PVC profiles been so modern and minimalist.\" \/>\n<!-- \/ Yoast SEO plugin. -->","yoast_head_json":{"title":"Elegant - Concept de ferestre f\u0103r\u0103 egal | Deceuninck","description":"Profilul din PVC cu design premiat | Niciodat\u0103 profilele din PVC nu au fost at\u00e2t de moderne \u0219i minimaliste. | Ferestre \u0219i u\u0219i","robots":{"index":"index","follow":"follow","max-snippet":"max-snippet:-1","max-image-preview":"max-image-preview:large","max-video-preview":"max-video-preview:-1"},"canonical":"https:\/\/elegant.deceuninck.com\/ro\/","og_locale":"ro_RO","og_type":"article","og_title":"Elegant by Deceuninck - The ultimate window concept","og_description":"Discover Elegant, our brand new windows and doors series! Never before have PVC profiles been so modern and minimalist.","og_url":"https:\/\/elegant.deceuninck.com\/ro\/","og_site_name":"Deceuninck","article_modified_time":"2022-06-08T14:14:18+00:00","twitter_card":"summary_large_image","twitter_title":"Elegant by Deceuninck - The ultimate window concept","twitter_description":"Discover Elegant, our brand new windows and doors series! Never before have PVC profiles been so modern and minimalist.","schema":{"@context":"https:\/\/schema.org","@graph":[{"@type":"WebPage","@id":"https:\/\/elegant.deceuninck.com\/ro\/","url":"https:\/\/elegant.deceuninck.com\/ro\/","name":"Elegant - Concept de ferestre f\u0103r\u0103 egal | Deceuninck","isPartOf":{"@id":"https:\/\/elegant.deceuninck.com\/#website"},"datePublished":"2020-10-07T15:40:49+00:00","dateModified":"2022-06-08T14:14:18+00:00","description":"Profilul din PVC cu design premiat | Niciodat\u0103 profilele din PVC nu au fost at\u00e2t de moderne \u0219i minimaliste. | Ferestre \u0219i u\u0219i","breadcrumb":{"@id":"https:\/\/elegant.deceuninck.com\/ro\/#breadcrumb"},"inLanguage":"ro-RO","potentialAction":[{"@type":"ReadAction","target":["https:\/\/elegant.deceuninck.com\/ro\/"]}]},{"@type":"BreadcrumbList","@id":"https:\/\/elegant.deceuninck.com\/ro\/#breadcrumb","itemListElement":[{"@type":"ListItem","position":1,"name":"Dom\u016f","item":"https:\/\/elegant.deceuninck.com\/ro\/"},{"@type":"ListItem","position":2,"name":"Home"}]},{"@type":"WebSite","@id":"https:\/\/elegant.deceuninck.com\/#website","url":"https:\/\/elegant.deceuninck.com\/","name":"Deceuninck","description":"","potentialAction":[{"@type":"SearchAction","target":{"@type":"EntryPoint","urlTemplate":"https:\/\/elegant.deceuninck.com\/?s={search_term_string}"},"query-input":"required name=search_term_string"}],"inLanguage":"ro-RO"}]}},"_links":{"self":[{"href":"https:\/\/elegant.deceuninck.com\/ro\/wp-json\/wp\/v2\/pages\/2257","targetHints":{"allow":["GET"]}}],"collection":[{"href":"https:\/\/elegant.deceuninck.com\/ro\/wp-json\/wp\/v2\/pages"}],"about":[{"href":"https:\/\/elegant.deceuninck.com\/ro\/wp-json\/wp\/v2\/types\/page"}],"author":[{"embeddable":true,"href":"https:\/\/elegant.deceuninck.com\/ro\/wp-json\/wp\/v2\/users\/4"}],"replies":[{"embeddable":true,"href":"https:\/\/elegant.deceuninck.com\/ro\/wp-json\/wp\/v2\/comments?post=2257"}],"version-history":[{"count":1,"href":"https:\/\/elegant.deceuninck.com\/ro\/wp-json\/wp\/v2\/pages\/2257\/revisions"}],"predecessor-version":[{"id":2258,"href":"https:\/\/elegant.deceuninck.com\/ro\/wp-json\/wp\/v2\/pages\/2257\/revisions\/2258"}],"wp:attachment":[{"href":"https:\/\/elegant.deceuninck.com\/ro\/wp-json\/wp\/v2\/media?parent=2257"}],"curies":[{"name":"wp","href":"https:\/\/api.w.org\/{rel}","templated":true}]}}