

{"id":110,"date":"2019-06-05T13:39:31","date_gmt":"2019-06-05T11:39:31","guid":{"rendered":"https:\/\/elegant.deceuninck.com\/home-2\/"},"modified":"2022-06-20T17:11:27","modified_gmt":"2022-06-20T15:11:27","slug":"professionals","status":"publish","type":"page","link":"https:\/\/elegant.deceuninck.com\/pl\/professionals\/","title":{"rendered":"Professionals"},"content":{"rendered":"","protected":false},"excerpt":{"rendered":"","protected":false},"author":10,"featured_media":0,"parent":0,"menu_order":0,"comment_status":"closed","ping_status":"closed","template":"pages\/page-architects.php","meta":{"footnotes":""},"class_list":["post-110","page","type-page","status-publish","hentry"],"yoast_head":"<!-- This site is optimized with the Yoast SEO plugin v22.3 - https:\/\/yoast.com\/wordpress\/plugins\/seo\/ -->\n<title>Profile okienne PVC Elegant | Deceuninck<\/title>\n<meta name=\"description\" content=\"Poznaj profile okienne PVC, kt\u00f3re \u0142\u0105cz\u0105 design z ochron\u0105 \u015brodowiska. Systemy okienne Elegant cechuj\u0105 si\u0119 r\u00f3wnie\u017c doskona\u0142ymi warto\u015bciami izolacyjnymi.\" \/>\n<meta name=\"robots\" content=\"index, follow, max-snippet:-1, max-image-preview:large, max-video-preview:-1\" \/>\n<link rel=\"canonical\" href=\"https:\/\/elegant.deceuninck.com\/pl\/professionals\/\" \/>\n<meta property=\"og:locale\" content=\"pl_PL\" \/>\n<meta property=\"og:type\" content=\"article\" \/>\n<meta property=\"og:title\" content=\"Profile okienne PVC Elegant | Deceuninck\" \/>\n<meta property=\"og:description\" content=\"Poznaj profile okienne PVC, kt\u00f3re \u0142\u0105cz\u0105 design z ochron\u0105 \u015brodowiska. Systemy okienne Elegant cechuj\u0105 si\u0119 r\u00f3wnie\u017c doskona\u0142ymi warto\u015bciami izolacyjnymi.\" \/>\n<meta property=\"og:url\" content=\"https:\/\/elegant.deceuninck.com\/pl\/professionals\/\" \/>\n<meta property=\"og:site_name\" content=\"Deceuninck\" \/>\n<meta property=\"article:modified_time\" content=\"2022-06-20T15:11:27+00:00\" \/>\n<meta name=\"twitter:card\" content=\"summary_large_image\" \/>\n<!-- \/ Yoast SEO plugin. -->","yoast_head_json":{"title":"Profile okienne PVC Elegant | Deceuninck","description":"Poznaj profile okienne PVC, kt\u00f3re \u0142\u0105cz\u0105 design z ochron\u0105 \u015brodowiska. Systemy okienne Elegant cechuj\u0105 si\u0119 r\u00f3wnie\u017c doskona\u0142ymi warto\u015bciami izolacyjnymi.","robots":{"index":"index","follow":"follow","max-snippet":"max-snippet:-1","max-image-preview":"max-image-preview:large","max-video-preview":"max-video-preview:-1"},"canonical":"https:\/\/elegant.deceuninck.com\/pl\/professionals\/","og_locale":"pl_PL","og_type":"article","og_title":"Profile okienne PVC Elegant | Deceuninck","og_description":"Poznaj profile okienne PVC, kt\u00f3re \u0142\u0105cz\u0105 design z ochron\u0105 \u015brodowiska. Systemy okienne Elegant cechuj\u0105 si\u0119 r\u00f3wnie\u017c doskona\u0142ymi warto\u015bciami izolacyjnymi.","og_url":"https:\/\/elegant.deceuninck.com\/pl\/professionals\/","og_site_name":"Deceuninck","article_modified_time":"2022-06-20T15:11:27+00:00","twitter_card":"summary_large_image","schema":{"@context":"https:\/\/schema.org","@graph":[{"@type":"WebPage","@id":"https:\/\/elegant.deceuninck.com\/pl\/professionals\/","url":"https:\/\/elegant.deceuninck.com\/pl\/professionals\/","name":"Profile okienne PVC Elegant | Deceuninck","isPartOf":{"@id":"https:\/\/elegant.deceuninck.com\/#website"},"datePublished":"2019-06-05T11:39:31+00:00","dateModified":"2022-06-20T15:11:27+00:00","description":"Poznaj profile okienne PVC, kt\u00f3re \u0142\u0105cz\u0105 design z ochron\u0105 \u015brodowiska. Systemy okienne Elegant cechuj\u0105 si\u0119 r\u00f3wnie\u017c doskona\u0142ymi warto\u015bciami izolacyjnymi.","breadcrumb":{"@id":"https:\/\/elegant.deceuninck.com\/pl\/professionals\/#breadcrumb"},"inLanguage":"pl-PL","potentialAction":[{"@type":"ReadAction","target":["https:\/\/elegant.deceuninck.com\/pl\/professionals\/"]}]},{"@type":"BreadcrumbList","@id":"https:\/\/elegant.deceuninck.com\/pl\/professionals\/#breadcrumb","itemListElement":[{"@type":"ListItem","position":1,"name":"Dom\u016f","item":"https:\/\/elegant.deceuninck.com\/pl\/"},{"@type":"ListItem","position":2,"name":"Professionals"}]},{"@type":"WebSite","@id":"https:\/\/elegant.deceuninck.com\/#website","url":"https:\/\/elegant.deceuninck.com\/","name":"Deceuninck","description":"","potentialAction":[{"@type":"SearchAction","target":{"@type":"EntryPoint","urlTemplate":"https:\/\/elegant.deceuninck.com\/?s={search_term_string}"},"query-input":"required name=search_term_string"}],"inLanguage":"pl-PL"}]}},"_links":{"self":[{"href":"https:\/\/elegant.deceuninck.com\/pl\/wp-json\/wp\/v2\/pages\/110","targetHints":{"allow":["GET"]}}],"collection":[{"href":"https:\/\/elegant.deceuninck.com\/pl\/wp-json\/wp\/v2\/pages"}],"about":[{"href":"https:\/\/elegant.deceuninck.com\/pl\/wp-json\/wp\/v2\/types\/page"}],"author":[{"embeddable":true,"href":"https:\/\/elegant.deceuninck.com\/pl\/wp-json\/wp\/v2\/users\/10"}],"replies":[{"embeddable":true,"href":"https:\/\/elegant.deceuninck.com\/pl\/wp-json\/wp\/v2\/comments?post=110"}],"version-history":[{"count":3,"href":"https:\/\/elegant.deceuninck.com\/pl\/wp-json\/wp\/v2\/pages\/110\/revisions"}],"predecessor-version":[{"id":3282,"href":"https:\/\/elegant.deceuninck.com\/pl\/wp-json\/wp\/v2\/pages\/110\/revisions\/3282"}],"wp:attachment":[{"href":"https:\/\/elegant.deceuninck.com\/pl\/wp-json\/wp\/v2\/media?parent=110"}],"curies":[{"name":"wp","href":"https:\/\/api.w.org\/{rel}","templated":true}]}}