

{"id":219,"date":"2019-06-05T13:39:31","date_gmt":"2019-06-05T11:39:31","guid":{"rendered":"https:\/\/elegant.deceuninck.com\/home\/"},"modified":"2022-04-25T09:13:54","modified_gmt":"2022-04-25T07:13:54","slug":"elegant-professionals","status":"publish","type":"page","link":"https:\/\/elegant.deceuninck.com\/hr\/elegant-professionals\/","title":{"rendered":"Professionals"},"content":{"rendered":"","protected":false},"excerpt":{"rendered":"","protected":false},"author":10,"featured_media":0,"parent":0,"menu_order":0,"comment_status":"closed","ping_status":"closed","template":"pages\/page-architects.php","meta":{"footnotes":""},"class_list":["post-219","page","type-page","status-publish","hentry"],"yoast_head":"<!-- This site is optimized with the Yoast SEO plugin v22.3 - https:\/\/yoast.com\/wordpress\/plugins\/seo\/ -->\n<title>Elegant: Nova definicija prozorskog profila | Deceuninck Hrvatska<\/title>\n<meta name=\"description\" content=\"PVC prozorski profili nikada nisu bili tako moderni i minimalisti\u010dki. Za\u0161to odabrati Elegant? Saznajte vi\u0161e o sustavu Elegant! Otkrijte vi\u0161e!\" \/>\n<meta name=\"robots\" content=\"index, follow, max-snippet:-1, max-image-preview:large, max-video-preview:-1\" \/>\n<link rel=\"canonical\" href=\"https:\/\/elegant.deceuninck.com\/hr\/elegant-professionals\/\" \/>\n<meta property=\"og:locale\" content=\"hr_HR\" \/>\n<meta property=\"og:type\" content=\"article\" \/>\n<meta property=\"og:title\" content=\"Elegant: Nova definicija prozorskog profila | Deceuninck Hrvatska\" \/>\n<meta property=\"og:description\" content=\"PVC prozorski profili nikada nisu bili tako moderni i minimalisti\u010dki. Za\u0161to odabrati Elegant? Saznajte vi\u0161e o sustavu Elegant! Otkrijte vi\u0161e!\" \/>\n<meta property=\"og:url\" content=\"https:\/\/elegant.deceuninck.com\/hr\/elegant-professionals\/\" \/>\n<meta property=\"og:site_name\" content=\"Deceuninck\" \/>\n<meta property=\"article:modified_time\" content=\"2022-04-25T07:13:54+00:00\" \/>\n<meta name=\"twitter:card\" content=\"summary_large_image\" \/>\n<!-- \/ Yoast SEO plugin. -->","yoast_head_json":{"title":"Elegant: Nova definicija prozorskog profila | Deceuninck Hrvatska","description":"PVC prozorski profili nikada nisu bili tako moderni i minimalisti\u010dki. Za\u0161to odabrati Elegant? Saznajte vi\u0161e o sustavu Elegant! Otkrijte vi\u0161e!","robots":{"index":"index","follow":"follow","max-snippet":"max-snippet:-1","max-image-preview":"max-image-preview:large","max-video-preview":"max-video-preview:-1"},"canonical":"https:\/\/elegant.deceuninck.com\/hr\/elegant-professionals\/","og_locale":"hr_HR","og_type":"article","og_title":"Elegant: Nova definicija prozorskog profila | Deceuninck Hrvatska","og_description":"PVC prozorski profili nikada nisu bili tako moderni i minimalisti\u010dki. Za\u0161to odabrati Elegant? Saznajte vi\u0161e o sustavu Elegant! Otkrijte vi\u0161e!","og_url":"https:\/\/elegant.deceuninck.com\/hr\/elegant-professionals\/","og_site_name":"Deceuninck","article_modified_time":"2022-04-25T07:13:54+00:00","twitter_card":"summary_large_image","schema":{"@context":"https:\/\/schema.org","@graph":[{"@type":"WebPage","@id":"https:\/\/elegant.deceuninck.com\/hr\/elegant-professionals\/","url":"https:\/\/elegant.deceuninck.com\/hr\/elegant-professionals\/","name":"Elegant: Nova definicija prozorskog profila | Deceuninck Hrvatska","isPartOf":{"@id":"https:\/\/elegant.deceuninck.com\/#website"},"datePublished":"2019-06-05T11:39:31+00:00","dateModified":"2022-04-25T07:13:54+00:00","description":"PVC prozorski profili nikada nisu bili tako moderni i minimalisti\u010dki. Za\u0161to odabrati Elegant? Saznajte vi\u0161e o sustavu Elegant! Otkrijte vi\u0161e!","breadcrumb":{"@id":"https:\/\/elegant.deceuninck.com\/hr\/elegant-professionals\/#breadcrumb"},"inLanguage":"hr","potentialAction":[{"@type":"ReadAction","target":["https:\/\/elegant.deceuninck.com\/hr\/elegant-professionals\/"]}]},{"@type":"BreadcrumbList","@id":"https:\/\/elegant.deceuninck.com\/hr\/elegant-professionals\/#breadcrumb","itemListElement":[{"@type":"ListItem","position":1,"name":"Dom\u016f","item":"https:\/\/elegant.deceuninck.com\/hr\/"},{"@type":"ListItem","position":2,"name":"Professionals"}]},{"@type":"WebSite","@id":"https:\/\/elegant.deceuninck.com\/#website","url":"https:\/\/elegant.deceuninck.com\/","name":"Deceuninck","description":"","potentialAction":[{"@type":"SearchAction","target":{"@type":"EntryPoint","urlTemplate":"https:\/\/elegant.deceuninck.com\/?s={search_term_string}"},"query-input":"required name=search_term_string"}],"inLanguage":"hr"}]}},"_links":{"self":[{"href":"https:\/\/elegant.deceuninck.com\/hr\/wp-json\/wp\/v2\/pages\/219","targetHints":{"allow":["GET"]}}],"collection":[{"href":"https:\/\/elegant.deceuninck.com\/hr\/wp-json\/wp\/v2\/pages"}],"about":[{"href":"https:\/\/elegant.deceuninck.com\/hr\/wp-json\/wp\/v2\/types\/page"}],"author":[{"embeddable":true,"href":"https:\/\/elegant.deceuninck.com\/hr\/wp-json\/wp\/v2\/users\/10"}],"replies":[{"embeddable":true,"href":"https:\/\/elegant.deceuninck.com\/hr\/wp-json\/wp\/v2\/comments?post=219"}],"version-history":[{"count":3,"href":"https:\/\/elegant.deceuninck.com\/hr\/wp-json\/wp\/v2\/pages\/219\/revisions"}],"predecessor-version":[{"id":3287,"href":"https:\/\/elegant.deceuninck.com\/hr\/wp-json\/wp\/v2\/pages\/219\/revisions\/3287"}],"wp:attachment":[{"href":"https:\/\/elegant.deceuninck.com\/hr\/wp-json\/wp\/v2\/media?parent=219"}],"curies":[{"name":"wp","href":"https:\/\/api.w.org\/{rel}","templated":true}]}}