

{"id":69,"date":"2019-06-11T09:44:10","date_gmt":"2019-06-11T07:44:10","guid":{"rendered":"https:\/\/elegant.deceuninck.com\/?page_id=69"},"modified":"2022-06-21T13:23:56","modified_gmt":"2022-06-21T11:23:56","slug":"professionals","status":"publish","type":"page","link":"https:\/\/elegant.deceuninck.com\/cs\/professionals\/","title":{"rendered":"Professionals"},"content":{"rendered":"","protected":false},"excerpt":{"rendered":"","protected":false},"author":3,"featured_media":0,"parent":0,"menu_order":0,"comment_status":"closed","ping_status":"closed","template":"pages\/page-architects.php","meta":{"footnotes":""},"class_list":["post-69","page","type-page","status-publish","hentry"],"yoast_head":"<!-- This site is optimized with the Yoast SEO plugin v22.3 - https:\/\/yoast.com\/wordpress\/plugins\/seo\/ -->\n<title>Okenn\u00ed a dve\u0159n\u00ed profilov\u00fd syst\u00e9m Elegant | Deceuninck \u010cesk\u00e1 republika<\/title>\n<meta name=\"description\" content=\"PVC profily nikdy nebyly tak \u0161t\u00edhl\u00e9 a modern\u00ed. Seznamte se s na\u0161\u00edm okenn\u00ed a dve\u0159n\u00ed profilov\u00fd syst\u00e9m Elegant.\" \/>\n<meta name=\"robots\" content=\"index, follow, max-snippet:-1, max-image-preview:large, max-video-preview:-1\" \/>\n<link rel=\"canonical\" href=\"https:\/\/elegant.deceuninck.com\/cs\/professionals\/\" \/>\n<meta property=\"og:locale\" content=\"cs_CZ\" \/>\n<meta property=\"og:type\" content=\"article\" \/>\n<meta property=\"og:title\" content=\"Okenn\u00ed a dve\u0159n\u00ed profilov\u00fd syst\u00e9m Elegant | Deceuninck \u010cesk\u00e1 republika\" \/>\n<meta property=\"og:description\" content=\"PVC profily nikdy nebyly tak \u0161t\u00edhl\u00e9 a modern\u00ed. Seznamte se s na\u0161\u00edm okenn\u00ed a dve\u0159n\u00ed profilov\u00fd syst\u00e9m Elegant.\" \/>\n<meta property=\"og:url\" content=\"https:\/\/elegant.deceuninck.com\/cs\/professionals\/\" \/>\n<meta property=\"og:site_name\" content=\"Deceuninck\" \/>\n<meta property=\"article:modified_time\" content=\"2022-06-21T11:23:56+00:00\" \/>\n<meta name=\"twitter:card\" content=\"summary_large_image\" \/>\n<!-- \/ Yoast SEO plugin. -->","yoast_head_json":{"title":"Okenn\u00ed a dve\u0159n\u00ed profilov\u00fd syst\u00e9m Elegant | Deceuninck \u010cesk\u00e1 republika","description":"PVC profily nikdy nebyly tak \u0161t\u00edhl\u00e9 a modern\u00ed. Seznamte se s na\u0161\u00edm okenn\u00ed a dve\u0159n\u00ed profilov\u00fd syst\u00e9m Elegant.","robots":{"index":"index","follow":"follow","max-snippet":"max-snippet:-1","max-image-preview":"max-image-preview:large","max-video-preview":"max-video-preview:-1"},"canonical":"https:\/\/elegant.deceuninck.com\/cs\/professionals\/","og_locale":"cs_CZ","og_type":"article","og_title":"Okenn\u00ed a dve\u0159n\u00ed profilov\u00fd syst\u00e9m Elegant | Deceuninck \u010cesk\u00e1 republika","og_description":"PVC profily nikdy nebyly tak \u0161t\u00edhl\u00e9 a modern\u00ed. Seznamte se s na\u0161\u00edm okenn\u00ed a dve\u0159n\u00ed profilov\u00fd syst\u00e9m Elegant.","og_url":"https:\/\/elegant.deceuninck.com\/cs\/professionals\/","og_site_name":"Deceuninck","article_modified_time":"2022-06-21T11:23:56+00:00","twitter_card":"summary_large_image","schema":{"@context":"https:\/\/schema.org","@graph":[{"@type":"WebPage","@id":"https:\/\/elegant.deceuninck.com\/cs\/professionals\/","url":"https:\/\/elegant.deceuninck.com\/cs\/professionals\/","name":"Okenn\u00ed a dve\u0159n\u00ed profilov\u00fd syst\u00e9m Elegant | Deceuninck \u010cesk\u00e1 republika","isPartOf":{"@id":"https:\/\/elegant.deceuninck.com\/#website"},"datePublished":"2019-06-11T07:44:10+00:00","dateModified":"2022-06-21T11:23:56+00:00","description":"PVC profily nikdy nebyly tak \u0161t\u00edhl\u00e9 a modern\u00ed. Seznamte se s na\u0161\u00edm okenn\u00ed a dve\u0159n\u00ed profilov\u00fd syst\u00e9m Elegant.","breadcrumb":{"@id":"https:\/\/elegant.deceuninck.com\/cs\/professionals\/#breadcrumb"},"inLanguage":"cs","potentialAction":[{"@type":"ReadAction","target":["https:\/\/elegant.deceuninck.com\/cs\/professionals\/"]}]},{"@type":"BreadcrumbList","@id":"https:\/\/elegant.deceuninck.com\/cs\/professionals\/#breadcrumb","itemListElement":[{"@type":"ListItem","position":1,"name":"Dom\u016f","item":"https:\/\/elegant.deceuninck.com\/cs\/"},{"@type":"ListItem","position":2,"name":"Professionals"}]},{"@type":"WebSite","@id":"https:\/\/elegant.deceuninck.com\/#website","url":"https:\/\/elegant.deceuninck.com\/","name":"Deceuninck","description":"","potentialAction":[{"@type":"SearchAction","target":{"@type":"EntryPoint","urlTemplate":"https:\/\/elegant.deceuninck.com\/?s={search_term_string}"},"query-input":"required name=search_term_string"}],"inLanguage":"cs"}]}},"_links":{"self":[{"href":"https:\/\/elegant.deceuninck.com\/cs\/wp-json\/wp\/v2\/pages\/69","targetHints":{"allow":["GET"]}}],"collection":[{"href":"https:\/\/elegant.deceuninck.com\/cs\/wp-json\/wp\/v2\/pages"}],"about":[{"href":"https:\/\/elegant.deceuninck.com\/cs\/wp-json\/wp\/v2\/types\/page"}],"author":[{"embeddable":true,"href":"https:\/\/elegant.deceuninck.com\/cs\/wp-json\/wp\/v2\/users\/3"}],"replies":[{"embeddable":true,"href":"https:\/\/elegant.deceuninck.com\/cs\/wp-json\/wp\/v2\/comments?post=69"}],"version-history":[{"count":3,"href":"https:\/\/elegant.deceuninck.com\/cs\/wp-json\/wp\/v2\/pages\/69\/revisions"}],"predecessor-version":[{"id":3279,"href":"https:\/\/elegant.deceuninck.com\/cs\/wp-json\/wp\/v2\/pages\/69\/revisions\/3279"}],"wp:attachment":[{"href":"https:\/\/elegant.deceuninck.com\/cs\/wp-json\/wp\/v2\/media?parent=69"}],"curies":[{"name":"wp","href":"https:\/\/api.w.org\/{rel}","templated":true}]}}