

{"id":1949,"date":"2020-10-07T12:36:26","date_gmt":"2020-10-07T10:36:26","guid":{"rendered":"https:\/\/elegant.deceuninck.com\/?page_id=1949"},"modified":"2022-01-07T08:43:59","modified_gmt":"2022-01-07T07:43:59","slug":"home","status":"publish","type":"page","link":"https:\/\/elegant.deceuninck.com\/cs\/","title":{"rendered":"Home"},"content":{"rendered":"","protected":false},"excerpt":{"rendered":"","protected":false},"author":3,"featured_media":0,"parent":0,"menu_order":0,"comment_status":"closed","ping_status":"closed","template":"","meta":{"footnotes":""},"class_list":["post-1949","page","type-page","status-publish","hentry"],"yoast_head":"<!-- This site is optimized with the Yoast SEO plugin v22.3 - https:\/\/yoast.com\/wordpress\/plugins\/seo\/ -->\n<title>Elegant - absolutn\u00ed \u0159e\u0161en\u00ed pro okna a dve\u0159e | Deceuninck \u010cesk\u00e1 republika<\/title>\n<meta name=\"description\" content=\"PVC profily nikdy nebyly tak \u0161t\u00edhl\u00e9 a modern\u00ed. Seznamte se s na\u0161\u00edm oken a dve\u0159\u00ed Elegant.\" \/>\n<meta name=\"robots\" content=\"index, follow, max-snippet:-1, max-image-preview:large, max-video-preview:-1\" \/>\n<link rel=\"canonical\" href=\"https:\/\/elegant.deceuninck.com\/cs\/\" \/>\n<meta property=\"og:locale\" content=\"cs_CZ\" \/>\n<meta property=\"og:type\" content=\"article\" \/>\n<meta property=\"og:title\" content=\"Elegant by Deceuninck - The ultimate window concept\" \/>\n<meta property=\"og:description\" content=\"Discover Elegant, our brand new windows and doors series! Never before have PVC profiles been so modern and minimalist.\" \/>\n<meta property=\"og:url\" content=\"https:\/\/elegant.deceuninck.com\/cs\/\" \/>\n<meta property=\"og:site_name\" content=\"Deceuninck\" \/>\n<meta property=\"article:modified_time\" content=\"2022-01-07T07:43:59+00:00\" \/>\n<meta name=\"twitter:card\" content=\"summary_large_image\" \/>\n<meta name=\"twitter:title\" content=\"Elegant by Deceuninck - The ultimate window concept\" \/>\n<meta name=\"twitter:description\" content=\"Discover Elegant, our brand new windows and doors series! Never before have PVC profiles been so modern and minimalist.\" \/>\n<!-- \/ Yoast SEO plugin. -->","yoast_head_json":{"title":"Elegant - absolutn\u00ed \u0159e\u0161en\u00ed pro okna a dve\u0159e | Deceuninck \u010cesk\u00e1 republika","description":"PVC profily nikdy nebyly tak \u0161t\u00edhl\u00e9 a modern\u00ed. Seznamte se s na\u0161\u00edm oken a dve\u0159\u00ed Elegant.","robots":{"index":"index","follow":"follow","max-snippet":"max-snippet:-1","max-image-preview":"max-image-preview:large","max-video-preview":"max-video-preview:-1"},"canonical":"https:\/\/elegant.deceuninck.com\/cs\/","og_locale":"cs_CZ","og_type":"article","og_title":"Elegant by Deceuninck - The ultimate window concept","og_description":"Discover Elegant, our brand new windows and doors series! Never before have PVC profiles been so modern and minimalist.","og_url":"https:\/\/elegant.deceuninck.com\/cs\/","og_site_name":"Deceuninck","article_modified_time":"2022-01-07T07:43:59+00:00","twitter_card":"summary_large_image","twitter_title":"Elegant by Deceuninck - The ultimate window concept","twitter_description":"Discover Elegant, our brand new windows and doors series! Never before have PVC profiles been so modern and minimalist.","schema":{"@context":"https:\/\/schema.org","@graph":[{"@type":"WebPage","@id":"https:\/\/elegant.deceuninck.com\/cs\/","url":"https:\/\/elegant.deceuninck.com\/cs\/","name":"Elegant - absolutn\u00ed \u0159e\u0161en\u00ed pro okna a dve\u0159e | Deceuninck \u010cesk\u00e1 republika","isPartOf":{"@id":"https:\/\/elegant.deceuninck.com\/#website"},"datePublished":"2020-10-07T10:36:26+00:00","dateModified":"2022-01-07T07:43:59+00:00","description":"PVC profily nikdy nebyly tak \u0161t\u00edhl\u00e9 a modern\u00ed. Seznamte se s na\u0161\u00edm oken a dve\u0159\u00ed Elegant.","breadcrumb":{"@id":"https:\/\/elegant.deceuninck.com\/cs\/#breadcrumb"},"inLanguage":"cs","potentialAction":[{"@type":"ReadAction","target":["https:\/\/elegant.deceuninck.com\/cs\/"]}]},{"@type":"BreadcrumbList","@id":"https:\/\/elegant.deceuninck.com\/cs\/#breadcrumb","itemListElement":[{"@type":"ListItem","position":1,"name":"Dom\u016f","item":"https:\/\/elegant.deceuninck.com\/cs\/"},{"@type":"ListItem","position":2,"name":"Home"}]},{"@type":"WebSite","@id":"https:\/\/elegant.deceuninck.com\/#website","url":"https:\/\/elegant.deceuninck.com\/","name":"Deceuninck","description":"","potentialAction":[{"@type":"SearchAction","target":{"@type":"EntryPoint","urlTemplate":"https:\/\/elegant.deceuninck.com\/?s={search_term_string}"},"query-input":"required name=search_term_string"}],"inLanguage":"cs"}]}},"_links":{"self":[{"href":"https:\/\/elegant.deceuninck.com\/cs\/wp-json\/wp\/v2\/pages\/1949","targetHints":{"allow":["GET"]}}],"collection":[{"href":"https:\/\/elegant.deceuninck.com\/cs\/wp-json\/wp\/v2\/pages"}],"about":[{"href":"https:\/\/elegant.deceuninck.com\/cs\/wp-json\/wp\/v2\/types\/page"}],"author":[{"embeddable":true,"href":"https:\/\/elegant.deceuninck.com\/cs\/wp-json\/wp\/v2\/users\/3"}],"replies":[{"embeddable":true,"href":"https:\/\/elegant.deceuninck.com\/cs\/wp-json\/wp\/v2\/comments?post=1949"}],"version-history":[{"count":1,"href":"https:\/\/elegant.deceuninck.com\/cs\/wp-json\/wp\/v2\/pages\/1949\/revisions"}],"predecessor-version":[{"id":1950,"href":"https:\/\/elegant.deceuninck.com\/cs\/wp-json\/wp\/v2\/pages\/1949\/revisions\/1950"}],"wp:attachment":[{"href":"https:\/\/elegant.deceuninck.com\/cs\/wp-json\/wp\/v2\/media?parent=1949"}],"curies":[{"name":"wp","href":"https:\/\/api.w.org\/{rel}","templated":true}]}}